{"id":22,"date":"2020-11-01T17:21:52","date_gmt":"2020-11-01T16:21:52","guid":{"rendered":"http:\/\/itu.pl\/?page_id=22"},"modified":"2020-11-01T21:02:27","modified_gmt":"2020-11-01T20:02:27","slug":"o-nas","status":"publish","type":"page","link":"http:\/\/itu.pl\/","title":{"rendered":"O nas"},"content":{"rendered":"\n<p>Jeste\u015bmy firm\u0105 teleinformatyczn\u0105. <strong>Outsourcingiem informatycznym<\/strong> zajmujemy si\u0119 nieprzerwanie od pocz\u0105tku powstania firmy w 1996 roku. Naszym klientom oferujemy outsourcing strategiczny (przej\u0119cie pe\u0142nej obs\u0142ugi informatycznej) lub outsourcing cz\u0119\u015bciowy (np. obs\u0142uga okre\u015blonego systemu czy aplikacji).<\/p>\n\n\n\n<p><strong>Dostarczamy firmom <\/strong>zar\u00f3wno du\u017cym, \u015brednim, ma\u0142ym jak i mikro oraz instytucjom publicznym <strong>kompleksowej obs\u0142ugi <\/strong>informatycznej. <br><br>Rozpoznajemy indywidualnie potrzeby i oczekiwania ka\u017cdego klienta oraz w drodze wzajemnych negocjacji i ustale\u0144 <strong>przygotowywujemy optymalny pakiet us\u0142ug<\/strong>.<\/p>\n\n\n\n<div class=\"wp-block-image\"><figure class=\"aligncenter size-large\"><img fetchpriority=\"high\" decoding=\"async\" width=\"945\" height=\"591\" src=\"http:\/\/itu.pl\/wp-content\/uploads\/2020\/11\/logo-1.jpg\" alt=\"\" class=\"wp-image-90\" srcset=\"http:\/\/itu.pl\/wp-content\/uploads\/2020\/11\/logo-1.jpg 945w, http:\/\/itu.pl\/wp-content\/uploads\/2020\/11\/logo-1-300x188.jpg 300w, http:\/\/itu.pl\/wp-content\/uploads\/2020\/11\/logo-1-768x480.jpg 768w\" sizes=\"(max-width: 945px) 100vw, 945px\" \/><\/figure><\/div>\n","protected":false},"excerpt":{"rendered":"<p>Jeste\u015bmy firm\u0105 teleinformatyczn\u0105. Outsourcingiem informatycznym zajmujemy si\u0119 nieprzerwanie od pocz\u0105tku powstania firmy w 1996 roku. Naszym klientom oferujemy outsourcing strategiczny (przej\u0119cie pe\u0142nej obs\u0142ugi informatycznej) lub outsourcing cz\u0119\u015bciowy (np. obs\u0142uga okre\u015blonego systemu czy aplikacji). Dostarczamy firmom zar\u00f3wno du\u017cym, \u015brednim, ma\u0142ym jak i mikro oraz instytucjom publicznym kompleksowej obs\u0142ugi informatycznej. Rozpoznajemy indywidualnie<\/p>\n","protected":false},"author":1,"featured_media":0,"parent":0,"menu_order":0,"comment_status":"closed","ping_status":"closed","template":"","meta":{"footnotes":""},"class_list":["post-22","page","type-page","status-publish","hentry"],"_links":{"self":[{"href":"http:\/\/itu.pl\/index.php?rest_route=\/wp\/v2\/pages\/22","targetHints":{"allow":["GET"]}}],"collection":[{"href":"http:\/\/itu.pl\/index.php?rest_route=\/wp\/v2\/pages"}],"about":[{"href":"http:\/\/itu.pl\/index.php?rest_route=\/wp\/v2\/types\/page"}],"author":[{"embeddable":true,"href":"http:\/\/itu.pl\/index.php?rest_route=\/wp\/v2\/users\/1"}],"replies":[{"embeddable":true,"href":"http:\/\/itu.pl\/index.php?rest_route=%2Fwp%2Fv2%2Fcomments&post=22"}],"version-history":[{"count":20,"href":"http:\/\/itu.pl\/index.php?rest_route=\/wp\/v2\/pages\/22\/revisions"}],"predecessor-version":[{"id":94,"href":"http:\/\/itu.pl\/index.php?rest_route=\/wp\/v2\/pages\/22\/revisions\/94"}],"wp:attachment":[{"href":"http:\/\/itu.pl\/index.php?rest_route=%2Fwp%2Fv2%2Fmedia&parent=22"}],"curies":[{"name":"wp","href":"https:\/\/api.w.org\/{rel}","templated":true}]}}